{"id":236,"date":"2012-05-25T13:38:15","date_gmt":"2012-05-25T13:38:15","guid":{"rendered":"http:\/\/aliquando.id-3.net\/?page_id=236"},"modified":"2023-11-15T11:03:26","modified_gmt":"2023-11-15T16:03:26","slug":"calculateur-de-droits-de-mutation","status":"publish","type":"page","link":"https:\/\/equiperemygagnon.com\/en\/outils\/calculateur-de-droits-de-mutation\/","title":{"rendered":"Mutation calculator"},"content":{"rendered":"<p><br \/>\n<\/p>","protected":false},"excerpt":{"rendered":"","protected":false},"author":1,"featured_media":0,"parent":226,"menu_order":0,"comment_status":"open","ping_status":"open","template":"t_tools_tax_transfer.php","meta":{"_acf_changed":false,"footnotes":""},"class_list":["post-236","page","type-page","status-publish","hentry"],"acf":[],"yoast_head":"<!-- This site is optimized with the Yoast SEO plugin v26.7 - https:\/\/yoast.com\/wordpress\/plugins\/seo\/ -->\n<title>Mutation calculator - \u00c9quipe Gagnon - Gagnez \u00e0 \u00eatre bien entour\u00e9.<\/title>\n<meta name=\"robots\" content=\"index, follow, max-snippet:-1, max-image-preview:large, max-video-preview:-1\" \/>\n<link rel=\"canonical\" href=\"https:\/\/equiperemygagnon.com\/outils\/calculateur-de-droits-de-mutation\/\" \/>\n<meta property=\"og:locale\" content=\"en_US\" \/>\n<meta property=\"og:type\" content=\"article\" \/>\n<meta property=\"og:title\" content=\"Mutation calculator - \u00c9quipe Gagnon - Gagnez \u00e0 \u00eatre bien entour\u00e9.\" \/>\n<meta property=\"og:url\" content=\"https:\/\/equiperemygagnon.com\/outils\/calculateur-de-droits-de-mutation\/\" \/>\n<meta property=\"og:site_name\" content=\"\u00c9quipe Gagnon - Gagnez \u00e0 \u00eatre bien entour\u00e9.\" \/>\n<meta property=\"article:publisher\" content=\"https:\/\/www.facebook.com\/R%c3%a9my-Gagnon-courtier-immobilier-500270916832098\/\" \/>\n<meta property=\"article:modified_time\" content=\"2023-11-15T16:03:26+00:00\" \/>\n<meta property=\"og:image\" content=\"https:\/\/equiperemygagnon.com\/files\/2023\/10\/Partage_Hyperlien_1920x1080-scaled.jpg\" \/>\n<meta name=\"twitter:card\" content=\"summary_large_image\" \/>\n<meta name=\"twitter:image\" content=\"https:\/\/equiperemygagnon.com\/files\/2023\/10\/Partage_Hyperlien_1920x1080-scaled.jpg\" \/>\n<script type=\"application\/ld+json\" class=\"yoast-schema-graph\">{\"@context\":\"https:\/\/schema.org\",\"@graph\":[{\"@type\":\"WebPage\",\"@id\":\"https:\/\/equiperemygagnon.com\/outils\/calculateur-de-droits-de-mutation\/\",\"url\":\"https:\/\/equiperemygagnon.com\/outils\/calculateur-de-droits-de-mutation\/\",\"name\":\"[:fr]Calculateur de mutation[:en]Mutation calculator[:] - \u00c9quipe Gagnon - Gagnez \u00e0 \u00eatre bien entour\u00e9.\",\"isPartOf\":{\"@id\":\"https:\/\/equiperemygagnon.com\/en\/#website\"},\"datePublished\":\"2012-05-25T13:38:15+00:00\",\"dateModified\":\"2023-11-15T16:03:26+00:00\",\"breadcrumb\":{\"@id\":\"https:\/\/equiperemygagnon.com\/outils\/calculateur-de-droits-de-mutation\/#breadcrumb\"},\"inLanguage\":\"en-US\",\"potentialAction\":[{\"@type\":\"ReadAction\",\"target\":[\"https:\/\/equiperemygagnon.com\/outils\/calculateur-de-droits-de-mutation\/\"]}]},{\"@type\":\"BreadcrumbList\",\"@id\":\"https:\/\/equiperemygagnon.com\/outils\/calculateur-de-droits-de-mutation\/#breadcrumb\",\"itemListElement\":[{\"@type\":\"ListItem\",\"position\":1,\"name\":\"Accueil\",\"item\":\"https:\/\/equiperemygagnon.com\/en\/\"},{\"@type\":\"ListItem\",\"position\":2,\"name\":\"Outils\",\"item\":\"https:\/\/equiperemygagnon.com\/outils\/\"},{\"@type\":\"ListItem\",\"position\":3,\"name\":\"Calculateur de mutation\"}]},{\"@type\":\"WebSite\",\"@id\":\"https:\/\/equiperemygagnon.com\/en\/#website\",\"url\":\"https:\/\/equiperemygagnon.com\/en\/\",\"name\":\"\u00c9quipe Gagnon - Gagnez \u00e0 \u00eatre bien entour\u00e9.\",\"description\":\"Real Estate Broker\",\"potentialAction\":[{\"@type\":\"SearchAction\",\"target\":{\"@type\":\"EntryPoint\",\"urlTemplate\":\"https:\/\/equiperemygagnon.com\/en\/?s={search_term_string}\"},\"query-input\":{\"@type\":\"PropertyValueSpecification\",\"valueRequired\":true,\"valueName\":\"search_term_string\"}}],\"inLanguage\":\"en-US\"}]}<\/script>\n<!-- \/ Yoast SEO plugin. -->","yoast_head_json":{"title":"Mutation calculator - \u00c9quipe Gagnon - Gagnez \u00e0 \u00eatre bien entour\u00e9.","robots":{"index":"index","follow":"follow","max-snippet":"max-snippet:-1","max-image-preview":"max-image-preview:large","max-video-preview":"max-video-preview:-1"},"canonical":"https:\/\/equiperemygagnon.com\/outils\/calculateur-de-droits-de-mutation\/","og_locale":"en_US","og_type":"article","og_title":"Mutation calculator - \u00c9quipe Gagnon - Gagnez \u00e0 \u00eatre bien entour\u00e9.","og_url":"https:\/\/equiperemygagnon.com\/outils\/calculateur-de-droits-de-mutation\/","og_site_name":"\u00c9quipe Gagnon - Gagnez \u00e0 \u00eatre bien entour\u00e9.","article_publisher":"https:\/\/www.facebook.com\/R%c3%a9my-Gagnon-courtier-immobilier-500270916832098\/","article_modified_time":"2023-11-15T16:03:26+00:00","og_image":[{"url":"https:\/\/equiperemygagnon.com\/files\/2023\/10\/Partage_Hyperlien_1920x1080-scaled.jpg","type":"","width":"","height":""}],"twitter_card":"summary_large_image","twitter_image":"https:\/\/equiperemygagnon.com\/files\/2023\/10\/Partage_Hyperlien_1920x1080-scaled.jpg","schema":{"@context":"https:\/\/schema.org","@graph":[{"@type":"WebPage","@id":"https:\/\/equiperemygagnon.com\/outils\/calculateur-de-droits-de-mutation\/","url":"https:\/\/equiperemygagnon.com\/outils\/calculateur-de-droits-de-mutation\/","name":"[:fr]Calculateur de mutation[:en]Mutation calculator[:] - \u00c9quipe Gagnon - Gagnez \u00e0 \u00eatre bien entour\u00e9.","isPartOf":{"@id":"https:\/\/equiperemygagnon.com\/en\/#website"},"datePublished":"2012-05-25T13:38:15+00:00","dateModified":"2023-11-15T16:03:26+00:00","breadcrumb":{"@id":"https:\/\/equiperemygagnon.com\/outils\/calculateur-de-droits-de-mutation\/#breadcrumb"},"inLanguage":"en-US","potentialAction":[{"@type":"ReadAction","target":["https:\/\/equiperemygagnon.com\/outils\/calculateur-de-droits-de-mutation\/"]}]},{"@type":"BreadcrumbList","@id":"https:\/\/equiperemygagnon.com\/outils\/calculateur-de-droits-de-mutation\/#breadcrumb","itemListElement":[{"@type":"ListItem","position":1,"name":"Accueil","item":"https:\/\/equiperemygagnon.com\/en\/"},{"@type":"ListItem","position":2,"name":"Outils","item":"https:\/\/equiperemygagnon.com\/outils\/"},{"@type":"ListItem","position":3,"name":"Calculateur de mutation"}]},{"@type":"WebSite","@id":"https:\/\/equiperemygagnon.com\/en\/#website","url":"https:\/\/equiperemygagnon.com\/en\/","name":"\u00c9quipe Gagnon - Gagnez \u00e0 \u00eatre bien entour\u00e9.","description":"Real Estate Broker","potentialAction":[{"@type":"SearchAction","target":{"@type":"EntryPoint","urlTemplate":"https:\/\/equiperemygagnon.com\/en\/?s={search_term_string}"},"query-input":{"@type":"PropertyValueSpecification","valueRequired":true,"valueName":"search_term_string"}}],"inLanguage":"en-US"}]}},"_links":{"self":[{"href":"https:\/\/equiperemygagnon.com\/en\/wp-json\/wp\/v2\/pages\/236","targetHints":{"allow":["GET"]}}],"collection":[{"href":"https:\/\/equiperemygagnon.com\/en\/wp-json\/wp\/v2\/pages"}],"about":[{"href":"https:\/\/equiperemygagnon.com\/en\/wp-json\/wp\/v2\/types\/page"}],"author":[{"embeddable":true,"href":"https:\/\/equiperemygagnon.com\/en\/wp-json\/wp\/v2\/users\/1"}],"replies":[{"embeddable":true,"href":"https:\/\/equiperemygagnon.com\/en\/wp-json\/wp\/v2\/comments?post=236"}],"version-history":[{"count":2,"href":"https:\/\/equiperemygagnon.com\/en\/wp-json\/wp\/v2\/pages\/236\/revisions"}],"predecessor-version":[{"id":8179,"href":"https:\/\/equiperemygagnon.com\/en\/wp-json\/wp\/v2\/pages\/236\/revisions\/8179"}],"up":[{"embeddable":true,"href":"https:\/\/equiperemygagnon.com\/en\/wp-json\/wp\/v2\/pages\/226"}],"wp:attachment":[{"href":"https:\/\/equiperemygagnon.com\/en\/wp-json\/wp\/v2\/media?parent=236"}],"curies":[{"name":"wp","href":"https:\/\/api.w.org\/{rel}","templated":true}]}}